{"id":78,"date":"2014-05-12T08:53:24","date_gmt":"2014-05-12T07:53:24","guid":{"rendered":"http:\/\/www.oxycure.be\/wp\/?page_id=78"},"modified":"2025-10-02T09:26:39","modified_gmt":"2025-10-02T08:26:39","slug":"home","status":"publish","type":"page","link":"https:\/\/www.oxycure.be\/nl\/","title":{"rendered":"Home"},"content":{"rendered":"\n<div data-mode=\"normal\" data-oembed=\"1\" data-provider=\"youtube\" id=\"arve-youtube-bbwbajz8bta\" style=\"max-width:900px;\" class=\"arve\">\n\t<div class=\"arve-inner\">\n\t\t<div style=\"aspect-ratio:21\/9\" class=\"arve-embed arve-embed--has-aspect-ratio\">\n\t\t\t<div class=\"arve-ar\" style=\"padding-top:42.857143%\"><\/div>\n\t\t\t<iframe allow=\"accelerometer &apos;none&apos;;autoplay &apos;none&apos;;bluetooth &apos;none&apos;;browsing-topics &apos;none&apos;;camera &apos;none&apos;;clipboard-read &apos;none&apos;;clipboard-write;display-capture &apos;none&apos;;encrypted-media &apos;none&apos;;gamepad &apos;none&apos;;geolocation &apos;none&apos;;gyroscope &apos;none&apos;;hid &apos;none&apos;;identity-credentials-get &apos;none&apos;;idle-detection &apos;none&apos;;keyboard-map &apos;none&apos;;local-fonts;magnetometer &apos;none&apos;;microphone &apos;none&apos;;midi &apos;none&apos;;otp-credentials &apos;none&apos;;payment &apos;none&apos;;picture-in-picture;publickey-credentials-create &apos;none&apos;;publickey-credentials-get &apos;none&apos;;screen-wake-lock &apos;none&apos;;serial &apos;none&apos;;summarizer &apos;none&apos;;sync-xhr;usb &apos;none&apos;;web-share;window-management &apos;none&apos;;xr-spatial-tracking &apos;none&apos;;\" allowfullscreen=\"\" class=\"arve-iframe fitvidsignore\" credentialless data-arve=\"arve-youtube-bbwbajz8bta\" data-lenis-prevent=\"\" data-src-no-ap=\"https:\/\/www.youtube-nocookie.com\/embed\/bbWBajz8bTA?feature=oembed&amp;iv_load_policy=3&amp;modestbranding=1&amp;rel=0&amp;autohide=1&amp;playsinline=0&amp;autoplay=0\" frameborder=\"0\" height=\"385.71428571429\" loading=\"lazy\" name=\"\" referrerpolicy=\"strict-origin-when-cross-origin\" sandbox=\"allow-scripts allow-same-origin allow-presentation allow-popups allow-popups-to-escape-sandbox\" scrolling=\"no\" src=\"https:\/\/www.youtube-nocookie.com\/embed\/bbWBajz8bTA?feature=oembed&#038;iv_load_policy=3&#038;modestbranding=1&#038;rel=0&#038;autohide=1&#038;playsinline=0&#038;autoplay=0\" title=\"Oxycure\" width=\"900\"><\/iframe>\n\t\t\t\n\t\t<\/div>\n\t\t\n\t<\/div>\n\t\n\t\n\t<script type=\"application\/ld+json\">{\"@context\":\"http:\\\/\\\/schema.org\\\/\",\"@id\":\"https:\\\/\\\/www.oxycure.be\\\/nl\\\/#arve-youtube-bbwbajz8bta\",\"type\":\"VideoObject\",\"embedURL\":\"https:\\\/\\\/www.youtube-nocookie.com\\\/embed\\\/bbWBajz8bTA?feature=oembed&iv_load_policy=3&modestbranding=1&rel=0&autohide=1&playsinline=0&autoplay=0\",\"name\":\"Oxycure\"}<\/script>\n\t\n<\/div>\n<div id=\"content_box_fed40c4e1cb00d5989848d2a79db2ed1\" class=\"content_box\">\n\t<div class=\"content_box_title\" style=\"background-color:#004890;color:rgba(255,255,255,1);\">INSTALLATIE<\/div>\n\t<div class=\"content_box_content\" style=\"background-color:rgba(0,72,144,1);color:rgba(255,255,255,1);\">\n\t\t\n<h4><a href=\"https:\/\/www.oxycure.be\/nl\/interventie-aanvraag\/\"><span style=\"color: #ffffff;\">Installatieaanvraag formulier<\/span><\/a><\/h4>\n<p><span style=\"color: #ffffff;\">We bevestigen de ontvangst van uw aanvraag. Deze wordt zo snel mogelijk behandeld (op werkdagen tussen 9u en 18u).<\/span><\/p>\n\n\t\t<div class=\"content_box_space\"><\/div>\n\t<\/div>\n<\/div>\n<style>#content_box_fed40c4e1cb00d5989848d2a79db2ed1 .content_box_content a {\n\tcolor: #ffffff;\n}#content_box_fed40c4e1cb00d5989848d2a79db2ed1 .content_box_content a:hover,\n#content_box_fed40c4e1cb00d5989848d2a79db2ed1 .content_box_content a:active {\n\tcolor: #ffffff;\n}<\/style>\n<p>&nbsp;<\/p>\n<div class=\"two_third\"><h2><strong>Small things make a big difference : humanity, quality and services.<\/strong><\/h2>\n<p>Soepelheid en gastvrijheid, nauwkeurigheid en effici\u00ebntie zijn de eigenschappen die Oxycure onvermijdelijk maken. Enkel Oxycure, een Belgische KMO* , is in staat om mensen te verenigen achter \u00e9\u00e9n en hetzelfde project, namelijk de levenskwaliteit en de tevredenheid van uw pati\u00ebnt.<\/p>\n<p>Sinds 2004 bezorgt Oxycure uw pati\u00ebnten de meest comfortabele en de stilste\u00a0apparaten van de markt:<br \/><\/div>\n<div class=\"one_third last\"><img decoding=\"async\" class=\"alignnone size-medium wp-image-27\" src=\"https:\/\/www.oxycure.be\/wp-content\/uploads\/2014\/03\/oxycure_krober-232x300.jpg\" alt=\"oxycure_krober\" width=\"232\" height=\"300\" srcset=\"https:\/\/www.oxycure.be\/wp-content\/uploads\/2014\/03\/oxycure_krober-232x300.jpg 232w, https:\/\/www.oxycure.be\/wp-content\/uploads\/2014\/03\/oxycure_krober.jpg 426w\" sizes=\"(max-width: 232px) 100vw, 232px\" \/><\/div><div class=\"clearboth\"><\/div>\n<ul>\n<li>De zuurstofconcentrator <strong>Oxycure \u2013 Kr\u00f6ber<\/strong> is d\u00e9 referentie op het gebied van comfort: het geluidsniveau is beperkt tot 31 of 35 db en de gebruiksvriendelijkheid is optimaal.<\/li>\n<li>De draagbare zuurstofconcentratoren Oxycure \u2013 Inogen, Oxycure \u2013 SimplyGO, Oxycure \u2013 Sequal en Oxycure \u2013 Oxus laten een onbeperkte mobiliteit toe. Ze zijn comfortabel en veilig, zelfs voor behandelingen van 6 liter per minuut. Een echt alternatief voor de draagbare zuurstofflessen of voor vloeibare zuurstof<\/li>\n<li>De draagbare en de reserve zuurstofflessen zijn licht en hanteerbaar. Ze zijn allemaal met ingebouwde ventielen uitgerust.<\/li>\n<\/ul>\n<p><strong>En ook,<\/strong> :<\/p>\n<ul>\n<li>Uitstekende Pulse oxymeters voor individueel, professioneel of pediatrisch gebruik.<\/li>\n<\/ul>\n<p><strong>Onze toestellen zijn beschikbaar<\/strong> :<\/p>\n<ul>\n<li>Bij uw apotheker, op voorschrift van een arts.<\/li>\n<li>In alle ziekenhuizen (diensten pneumologie, geriatrie, oncologie, cardiologie, pediatrie,enz.)<\/li>\n<\/ul>\n<p><strong>Belangrijke informatie\u00a0:<\/strong><\/p>\n<p>Oxycure verkoopt geen zuurstofconcentrators.<\/p>\n<p>&nbsp;<\/p>\n<p>*\u00a0Oxycure is 100 % in Belgische handen.<\/p>\n","protected":false},"excerpt":{"rendered":"<p>&nbsp; De zuurstofconcentrator Oxycure \u2013 Kr\u00f6ber is d\u00e9 referentie op het gebied van comfort: het geluidsniveau is beperkt tot 31 of 35 db en de gebruiksvriendelijkheid is optimaal. De draagbare zuurstofconcentratoren Oxycure \u2013 Inogen, Oxycure \u2013 SimplyGO, Oxycure \u2013 Sequal en Oxycure \u2013 Oxus laten een onbeperkte mobiliteit toe. Ze zijn comfortabel en veilig, zelfs &#8230;<\/p>\n","protected":false},"author":1,"featured_media":0,"parent":0,"menu_order":0,"comment_status":"closed","ping_status":"closed","template":"","meta":{"footnotes":""},"class_list":["post-78","page","type-page","status-publish","hentry"],"_links":{"self":[{"href":"https:\/\/www.oxycure.be\/nl\/wp-json\/wp\/v2\/pages\/78","targetHints":{"allow":["GET"]}}],"collection":[{"href":"https:\/\/www.oxycure.be\/nl\/wp-json\/wp\/v2\/pages"}],"about":[{"href":"https:\/\/www.oxycure.be\/nl\/wp-json\/wp\/v2\/types\/page"}],"author":[{"embeddable":true,"href":"https:\/\/www.oxycure.be\/nl\/wp-json\/wp\/v2\/users\/1"}],"replies":[{"embeddable":true,"href":"https:\/\/www.oxycure.be\/nl\/wp-json\/wp\/v2\/comments?post=78"}],"version-history":[{"count":62,"href":"https:\/\/www.oxycure.be\/nl\/wp-json\/wp\/v2\/pages\/78\/revisions"}],"predecessor-version":[{"id":2869,"href":"https:\/\/www.oxycure.be\/nl\/wp-json\/wp\/v2\/pages\/78\/revisions\/2869"}],"wp:attachment":[{"href":"https:\/\/www.oxycure.be\/nl\/wp-json\/wp\/v2\/media?parent=78"}],"curies":[{"name":"wp","href":"https:\/\/api.w.org\/{rel}","templated":true}]}}