{"id":815,"date":"2014-06-18T13:34:53","date_gmt":"2014-06-18T12:34:53","guid":{"rendered":"http:\/\/www.oxycure.be\/wp\/?page_id=815"},"modified":"2014-06-20T11:07:12","modified_gmt":"2014-06-20T10:07:12","slug":"indicaties","status":"publish","type":"page","link":"https:\/\/www.oxycure.be\/nl\/zuurstoftherapie-vergoedingen\/indicaties\/","title":{"rendered":"Indicaties"},"content":{"rendered":"<h2>Samenvatting van de indicaties<\/h2>\n\n<table id=\"tablepress-29\" class=\"tablepress tablepress-id-29\">\n<thead>\n<tr class=\"row-1\">\n\t<th class=\"column-1\">Indicaties \u00ab Evidence Based Medicine\u00bb<br \/>\n(Guidelines ATS \u2013 ERS (2004).<\/th><th class=\"column-2\">Terugbetaalbaar in Belgi\u00eb<\/th>\n<\/tr>\n<\/thead>\n<tbody class=\"row-striping row-hover\">\n<tr class=\"row-2\">\n\t<td class=\"column-1\">1.  Een korte overgangsperiode (1 tot 3 maanden) voor de acute gevallen (exacerbaties, pneumologische aandoeningen, hartdecompensatie, ernstige vorm van astma, levenseinde, enz.). <\/td><td class=\"column-2\">Ja<\/td>\n<\/tr>\n<tr class=\"row-3\">\n\t<td class=\"column-1\">2. \u00a0Behandeling van COPD (chronisch obstructieve longziekte) gekenmerkt door een ernstige dyspneu met een normale PaO2 (= 60mmHg en SaO2 = 90%) en verlicht door zuurstof. <\/td><td class=\"column-2\">Nee<\/td>\n<\/tr>\n<tr class=\"row-4\">\n\t<td class=\"column-1\">3.\u00a0\u00a0 Le traitement de la d\u00e9saturation \u00e0 Behandeling van desaturatie tijdens inspanning bij pati\u00ebnten met een normale PaO2 (= 60mmHg of SaO2  = 90%) geobjectiveerd door een regelmatige opmeting van de SaO2 door de behandelende geneesheer. <\/td><td class=\"column-2\">Nee<\/td>\n<\/tr>\n<tr class=\"row-5\">\n\t<td class=\"column-1\">4.\u00a0\u00a0 Behandeling van nachtelijke desaturatie die niet wordt behandeld met CPAP, geobjectiveerd door een regelmatige opmeting van de SaO2 door de behandelende geneesheer. <\/td><td class=\"column-2\">Ja<\/td>\n<\/tr>\n<tr class=\"row-6\">\n\t<td class=\"column-1\">5.\u00a0\u00a0 Behandeling van een capaciteitsbeperking tijdens inspanning als de prestaties van de pati\u00ebnt verbeteren met zuurstof bij pati\u00ebnten met een normale PaO2 (= 60mmHg of SaO2 = 90%), geobjectiveerd door een regelmatige opmeting van de SaO2 door de behandelende geneesheer. <\/td><td class=\"column-2\">Nee<\/td>\n<\/tr>\n<tr class=\"row-7\">\n\t<td class=\"column-1\">6.\u00a0\u00a0 Behandeling van COPD (chronisch obstructieve longziekte) gekenmerkt door een PaO2 van 55-59 mmHg of een SaO2 van 89% en die tekenen van weefselhypoxie vertoont (voorbeelden). <\/td><td class=\"column-2\">Ja<\/td>\n<\/tr>\n<tr class=\"row-8\">\n\t<td class=\"column-1\">7.\u00a0\u00a0 Behandeling van COPD (chronisch obstructieve longziekte) gekenmerkt door een stabiele toestand met een PaO2 < 55 mmHg of een SaO2 van < 88%. <\/td><td class=\"column-2\">Ja<\/td>\n<\/tr>\n<tr class=\"row-9\">\n\t<td class=\"column-1\">8.\u00a0\u00a0 Palliatieve behandeling<\/td><td class=\"column-2\">Ja<\/td>\n<\/tr>\n<\/tbody>\n<\/table>\n<!-- #tablepress-29 from cache -->\n<p style=\"padding-left: 30px;\">\n","protected":false},"excerpt":{"rendered":"<p>Samenvatting van de indicaties<\/p>\n","protected":false},"author":1,"featured_media":0,"parent":86,"menu_order":0,"comment_status":"closed","ping_status":"closed","template":"","meta":{"footnotes":""},"class_list":["post-815","page","type-page","status-publish","hentry"],"_links":{"self":[{"href":"https:\/\/www.oxycure.be\/nl\/wp-json\/wp\/v2\/pages\/815","targetHints":{"allow":["GET"]}}],"collection":[{"href":"https:\/\/www.oxycure.be\/nl\/wp-json\/wp\/v2\/pages"}],"about":[{"href":"https:\/\/www.oxycure.be\/nl\/wp-json\/wp\/v2\/types\/page"}],"author":[{"embeddable":true,"href":"https:\/\/www.oxycure.be\/nl\/wp-json\/wp\/v2\/users\/1"}],"replies":[{"embeddable":true,"href":"https:\/\/www.oxycure.be\/nl\/wp-json\/wp\/v2\/comments?post=815"}],"version-history":[{"count":2,"href":"https:\/\/www.oxycure.be\/nl\/wp-json\/wp\/v2\/pages\/815\/revisions"}],"predecessor-version":[{"id":819,"href":"https:\/\/www.oxycure.be\/nl\/wp-json\/wp\/v2\/pages\/815\/revisions\/819"}],"up":[{"embeddable":true,"href":"https:\/\/www.oxycure.be\/nl\/wp-json\/wp\/v2\/pages\/86"}],"wp:attachment":[{"href":"https:\/\/www.oxycure.be\/nl\/wp-json\/wp\/v2\/media?parent=815"}],"curies":[{"name":"wp","href":"https:\/\/api.w.org\/{rel}","templated":true}]}}