{"id":824,"date":"2014-06-18T13:49:11","date_gmt":"2014-06-18T12:49:11","guid":{"rendered":"http:\/\/www.oxycure.be\/wp\/?page_id=824"},"modified":"2020-07-27T10:22:34","modified_gmt":"2020-07-27T09:22:34","slug":"gebruik","status":"publish","type":"page","link":"https:\/\/www.oxycure.be\/nl\/diagnose\/gebruik\/","title":{"rendered":"Gebruik"},"content":{"rendered":"<h2>Gebruik<\/h2>\n<p>De meting van de SpO2 kent enkele beperkingen die te maken hebben met de toegepaste technologie of de klinische toestand van de pati\u00ebnt.<\/p>\n<p><strong>Veel &#8220;achtergrondgeluid&#8221;<\/strong><br \/>\nHet signaal kan worden verstoord door een &#8220;achtergrondgeluid&#8221; dat bijvoorbeeld wordt gegenereerd door de bewegingen van de pati\u00ebnt.<\/p>\n<p><strong>Optische shunt <\/strong><br \/>\nWanneer de sensor, een fotodiode, licht ontvangt dat niet door de weefsels ging, wordt een SpO2 weergegeven van 85%. Deze waarde stemt in feite overeen met de verhouding rood \/ infrarood. Er wordt dus aangeraden om de meting niet uit te voeren in de buurt van een sterke lichtbron.<\/p>\n<p><strong>Te zwak signaal <\/strong><br \/>\nOmdat het meetprincipe de detectie van de polsslag noodzaakt, kan de saturatiemeter aan nauwkeurigheid inboeten in alle situaties die de hartslag doen verminderen: laag hartdebiet, shocks, hypothermie, vaatvernauwing, arteri\u00eble compressie van een ledemaat. In het algemeen kunnen de meeste apparaten een signaal van 30 mmHg of meer detecteren. Toch geven ze foute resultaten weer. De visualisering van de curve maakt het mogelijk om de kwaliteit van het signaal te beoordelen.<\/p>\n<p><strong>Typische curve van een saturatiemeting<\/strong><\/p>\n<p><img decoding=\"async\" class=\"alignnone size-full wp-image-967\" src=\"https:\/\/www.oxycure.be\/wp-content\/uploads\/2014\/05\/courbe-saturometrie.png\" alt=\"courbe-saturometrie\" width=\"189\" height=\"72\" \/><\/p>\n<p><strong>Wijziging van de absorptie<\/strong><br \/>\nBepaalde factoren kunnen de absorptie van het signaal wijzigen. De huidpigmentering of de aanwezigheid van sommige nagellakken bijvoorbeeld be\u00efnvloeden de meting. Ook zware anemie lijkt de absorptie te wijzigen, ook al blijft de meting van de SpO2 betrouwbaar als er geen sprake is van hypoxemie<\/p>\n<p><strong>CO-intoxicatie (koolstofmonoxide)<\/strong><br \/>\nHet carboxyhemoglobine heeft een zelfde absorptiespectrum als het HBO2 en wordt verward met het oxyhemoglobine. De waarde van de SpO2 is dan vals normaal (overschatting), terwijl het zuurstoftransport drastisch afgenomen is in verhouding tot de koolstofmonoxideconcentratie. Hetzelfde geldt ook voor verstokte rokers.<\/p>\n<p><strong>De verhouding Pa02\/SaO2 <\/strong><br \/>\nVerschillende factoren be\u00efnvloeden de hemoglobinesplitsingscurve, bijvoorbeeld de temperatuur, de pH, de paCO2 en het type hemoglobine. Ze zouden logisch gezien de waarde van de SpO2 moeten be\u00efnvloeden. In deze situaties wordt echter de verhouding PaO2\/SaO2 gewijzigd en is de meting van de SpO2 gecorreleerd aan de SaO2, maar kan ze in deze omstandigheden het zuurstofgehalte in het arterieel bloed maar onvolledig vaststellen.<\/p>\n<p><img decoding=\"async\" class=\"alignnone size-full wp-image-392\" src=\"https:\/\/www.oxycure.be\/wp-content\/uploads\/2014\/05\/diagnostic-utilisation.jpg\" alt=\"gebruik\" width=\"268\" height=\"205\" \/><\/p>\n<p>Een normale SpO2 bij volwassenen ligt tussen 99 en 95 %.<\/p>\n<p>Bronnen<br \/>\n<em>La Revue de la M\u00e9decine G\u00e9n\u00e9rale nr. 249, januari 2009.<\/em><\/p>\n<p>&nbsp;<\/p>\n","protected":false},"excerpt":{"rendered":"<p>Gebruik De meting van de SpO2 kent enkele beperkingen die te maken hebben met de toegepaste technologie of de klinische toestand van de pati\u00ebnt. Veel &#8220;achtergrondgeluid&#8221; Het signaal kan worden verstoord door een &#8220;achtergrondgeluid&#8221; dat bijvoorbeeld wordt gegenereerd door de bewegingen van de pati\u00ebnt. Optische shunt Wanneer de sensor, een fotodiode, licht ontvangt dat niet &#8230;<\/p>\n","protected":false},"author":1,"featured_media":0,"parent":88,"menu_order":0,"comment_status":"closed","ping_status":"closed","template":"","meta":{"footnotes":""},"class_list":["post-824","page","type-page","status-publish","hentry"],"_links":{"self":[{"href":"https:\/\/www.oxycure.be\/nl\/wp-json\/wp\/v2\/pages\/824","targetHints":{"allow":["GET"]}}],"collection":[{"href":"https:\/\/www.oxycure.be\/nl\/wp-json\/wp\/v2\/pages"}],"about":[{"href":"https:\/\/www.oxycure.be\/nl\/wp-json\/wp\/v2\/types\/page"}],"author":[{"embeddable":true,"href":"https:\/\/www.oxycure.be\/nl\/wp-json\/wp\/v2\/users\/1"}],"replies":[{"embeddable":true,"href":"https:\/\/www.oxycure.be\/nl\/wp-json\/wp\/v2\/comments?post=824"}],"version-history":[{"count":7,"href":"https:\/\/www.oxycure.be\/nl\/wp-json\/wp\/v2\/pages\/824\/revisions"}],"predecessor-version":[{"id":2104,"href":"https:\/\/www.oxycure.be\/nl\/wp-json\/wp\/v2\/pages\/824\/revisions\/2104"}],"up":[{"embeddable":true,"href":"https:\/\/www.oxycure.be\/nl\/wp-json\/wp\/v2\/pages\/88"}],"wp:attachment":[{"href":"https:\/\/www.oxycure.be\/nl\/wp-json\/wp\/v2\/media?parent=824"}],"curies":[{"name":"wp","href":"https:\/\/api.w.org\/{rel}","templated":true}]}}